{"id":2271,"date":"2026-02-16T20:26:23","date_gmt":"2026-02-16T19:26:23","guid":{"rendered":"https:\/\/fuer-alle-tiere.org\/?page_id=2271"},"modified":"2026-02-19T11:16:24","modified_gmt":"2026-02-19T10:16:24","slug":"spenden","status":"publish","type":"page","link":"https:\/\/fuer-alle-tiere.org\/en\/spenden\/","title":{"rendered":"Spenden"},"content":{"rendered":"\n<div style=\"height:35px\" aria-hidden=\"true\" class=\"wp-block-spacer\"><\/div>\n\n\n\n<p class=\"has-text-align-center\" style=\"margin-right:var(--wp--preset--spacing--40);margin-left:var(--wp--preset--spacing--40)\"><strong>Bei unserer Arbeit kommen diverse Kosten auf uns als Verein zu. <\/strong>Mit deiner Spende hilfst du uns, den Aktivismus f\u00fcr Tiere weiterzuf\u00fchren und weiterzuentwickeln. Unser Ziel ist es, m\u00f6glichst viele Menschen \u00fcber Tierausbeutung aufzukl\u00e4ren und zu einer veganen Lebensweise zu bewegen.<\/p>\n\n\n\n<div class=\"widget-addon-top\"><\/div>\n\n\n\n<script type=\"text\/javascript\">\n            (function() {\n                var u=\"https:\/\/spenden.twingle.de\/embed\/genericorganisation\/genericproject\/tw699330dfc7071\/widget\";\n                var id = '_' + Math.random().toString(36).substr(2, 9);\n                var d=document, g=d.createElement('script'), s=d.getElementsByTagName('script')[0], t=d.createElement('div');\n                t.id = 'twingle-public-embed-' + id;\n                document.currentScript.after(t);\n                g.type='text\/javascript'; g.async=true; g.defer=true; g.id='tw-' + id; g.src=u; s.parentNode.insertBefore(g,s);\n            })();\n        <\/script>\n\n\n\n<div class=\"widget-addon-bottom\"><\/div>\n\n\n\n<div class=\"wp-block-group collapsible\"><div class=\"wp-block-group__inner-container is-layout-constrained wp-block-group-is-layout-constrained\">\n<button id=\"toggleBtn3\">\nWof\u00fcr Spenden verwendet werden\n<\/button>\n\n\n\n<p class=\"collapsible-content-3\">Neben laufenden Posten wie Website und Software entstehen Kosten f\u00fcr den Druck neuer Flyer und K\u00e4rtchen, die wir bei unseren Aktionen verteilen. Zus\u00e4tzlich sind wir auf gutes Equipment wie Bildschirme, Akkus, Pavillons und mehr angewiesen, um bei einer Aktion auf der Stra\u00dfe optimal agieren zu k\u00f6nnen.<\/p>\n<\/div><\/div>\n\n\n\n<div style=\"height:100px\" aria-hidden=\"true\" class=\"wp-block-spacer\"><\/div>\n","protected":false},"excerpt":{"rendered":"<p>Bei unserer Arbeit kommen diverse Kosten auf uns als Verein zu. Mit deiner Spende hilfst du uns, den Aktivismus f\u00fcr Tiere weiterzuf\u00fchren und weiterzuentwickeln. Unser Ziel ist es, m\u00f6glichst viele Menschen \u00fcber Tierausbeutung aufzukl\u00e4ren und zu einer veganen Lebensweise zu bewegen. Wof\u00fcr Spenden verwendet werden Neben laufenden Posten wie Website und Software entstehen Kosten f\u00fcr [&hellip;]<\/p>\n","protected":false},"author":1,"featured_media":2455,"parent":0,"menu_order":0,"comment_status":"closed","ping_status":"closed","template":"","meta":{"footnotes":""},"class_list":["post-2271","page","type-page","status-publish","has-post-thumbnail","hentry"],"yoast_head":"<!-- This site is optimized with the Yoast SEO plugin v27.4 - https:\/\/yoast.com\/product\/yoast-seo-wordpress\/ -->\n<title>Spenden<\/title>\n<meta name=\"robots\" content=\"index, follow, max-snippet:-1, max-image-preview:large, max-video-preview:-1\" \/>\n<link rel=\"canonical\" href=\"https:\/\/fuer-alle-tiere.org\/en\/spenden\/\" \/>\n<meta property=\"og:locale\" content=\"en_US\" \/>\n<meta property=\"og:locale:alternate\" content=\"de_DE\" \/>\n<meta property=\"og:type\" content=\"article\" \/>\n<meta property=\"og:title\" content=\"Spenden\" \/>\n<meta property=\"og:description\" content=\"Bei unserer Arbeit kommen diverse Kosten auf uns als Verein zu. Mit deiner Spende hilfst du uns, den Aktivismus f\u00fcr Tiere weiterzuf\u00fchren und weiterzuentwickeln. Unser Ziel ist es, m\u00f6glichst viele Menschen \u00fcber Tierausbeutung aufzukl\u00e4ren und zu einer veganen Lebensweise zu bewegen. Wof\u00fcr Spenden verwendet werden Neben laufenden Posten wie Website und Software entstehen Kosten f\u00fcr [&hellip;]\" \/>\n<meta property=\"og:url\" content=\"https:\/\/fuer-alle-tiere.org\/en\/spenden\/\" \/>\n<meta property=\"og:site_name\" content=\"F\u00fcr alle Tiere\" \/>\n<meta property=\"article:modified_time\" content=\"2026-02-19T10:16:24+00:00\" \/>\n<meta property=\"og:image\" content=\"https:\/\/fuer-alle-tiere.org\/wp-content\/uploads\/2025\/03\/IMG_0902-1024x683.jpg\" \/>\n<meta name=\"twitter:card\" content=\"summary_large_image\" \/>\n<meta name=\"twitter:label1\" content=\"Est. reading time\" \/>\n\t<meta name=\"twitter:data1\" content=\"2 minutes\" \/>\n<script type=\"application\/ld+json\" class=\"yoast-schema-graph\">{\"@context\":\"https:\\\/\\\/schema.org\",\"@graph\":[{\"@type\":\"WebPage\",\"@id\":\"https:\\\/\\\/fuer-alle-tiere.org\\\/spenden\\\/\",\"url\":\"https:\\\/\\\/fuer-alle-tiere.org\\\/spenden\\\/\",\"name\":\"Spenden\",\"isPartOf\":{\"@id\":\"https:\\\/\\\/fuer-alle-tiere.org\\\/#website\"},\"primaryImageOfPage\":{\"@id\":\"https:\\\/\\\/fuer-alle-tiere.org\\\/spenden\\\/#primaryimage\"},\"image\":{\"@id\":\"https:\\\/\\\/fuer-alle-tiere.org\\\/spenden\\\/#primaryimage\"},\"thumbnailUrl\":\"https:\\\/\\\/fuer-alle-tiere.org\\\/wp-content\\\/uploads\\\/2026\\\/02\\\/IMG_1244-scaled.jpeg\",\"datePublished\":\"2026-02-16T19:26:23+00:00\",\"dateModified\":\"2026-02-19T10:16:24+00:00\",\"breadcrumb\":{\"@id\":\"https:\\\/\\\/fuer-alle-tiere.org\\\/spenden\\\/#breadcrumb\"},\"inLanguage\":\"en-US\",\"potentialAction\":[{\"@type\":\"ReadAction\",\"target\":[\"https:\\\/\\\/fuer-alle-tiere.org\\\/spenden\\\/\"]}]},{\"@type\":\"ImageObject\",\"inLanguage\":\"en-US\",\"@id\":\"https:\\\/\\\/fuer-alle-tiere.org\\\/spenden\\\/#primaryimage\",\"url\":\"https:\\\/\\\/fuer-alle-tiere.org\\\/wp-content\\\/uploads\\\/2026\\\/02\\\/IMG_1244-scaled.jpeg\",\"contentUrl\":\"https:\\\/\\\/fuer-alle-tiere.org\\\/wp-content\\\/uploads\\\/2026\\\/02\\\/IMG_1244-scaled.jpeg\",\"width\":1920,\"height\":2560},{\"@type\":\"BreadcrumbList\",\"@id\":\"https:\\\/\\\/fuer-alle-tiere.org\\\/spenden\\\/#breadcrumb\",\"itemListElement\":[{\"@type\":\"ListItem\",\"position\":1,\"name\":\"Startseite\",\"item\":\"https:\\\/\\\/fuer-alle-tiere.org\\\/en\\\/\"},{\"@type\":\"ListItem\",\"position\":2,\"name\":\"Spenden\"}]},{\"@type\":\"WebSite\",\"@id\":\"https:\\\/\\\/fuer-alle-tiere.org\\\/#website\",\"url\":\"https:\\\/\\\/fuer-alle-tiere.org\\\/\",\"name\":\"F\u00fcr alle Tiere\",\"description\":\"Animal Rights Activism in Schleswig-Holstein\",\"potentialAction\":[{\"@type\":\"SearchAction\",\"target\":{\"@type\":\"EntryPoint\",\"urlTemplate\":\"https:\\\/\\\/fuer-alle-tiere.org\\\/?s={search_term_string}\"},\"query-input\":{\"@type\":\"PropertyValueSpecification\",\"valueRequired\":true,\"valueName\":\"search_term_string\"}}],\"inLanguage\":\"en-US\"}]}<\/script>\n<!-- \/ Yoast SEO plugin. -->","yoast_head_json":{"title":"Spenden","robots":{"index":"index","follow":"follow","max-snippet":"max-snippet:-1","max-image-preview":"max-image-preview:large","max-video-preview":"max-video-preview:-1"},"canonical":"https:\/\/fuer-alle-tiere.org\/en\/spenden\/","og_locale":"en_US","og_type":"article","og_title":"[:de]Spenden[:] - F\u00fcr alle Tiere","og_description":"Bei unserer Arbeit kommen diverse Kosten auf uns als Verein zu. Mit deiner Spende hilfst du uns, den Aktivismus f\u00fcr Tiere weiterzuf\u00fchren und weiterzuentwickeln. Unser Ziel ist es, m\u00f6glichst viele Menschen \u00fcber Tierausbeutung aufzukl\u00e4ren und zu einer veganen Lebensweise zu bewegen. Wof\u00fcr Spenden verwendet werden Neben laufenden Posten wie Website und Software entstehen Kosten f\u00fcr [&hellip;]","og_url":"https:\/\/fuer-alle-tiere.org\/en\/spenden\/","og_site_name":"F\u00fcr alle Tiere","article_modified_time":"2026-02-19T10:16:24+00:00","og_image":[{"url":"https:\/\/fuer-alle-tiere.org\/wp-content\/uploads\/2025\/03\/IMG_0902-1024x683.jpg","type":"","width":"","height":""}],"twitter_card":"summary_large_image","twitter_misc":{"Est. reading time":"2 minutes"},"schema":{"@context":"https:\/\/schema.org","@graph":[{"@type":"WebPage","@id":"https:\/\/fuer-alle-tiere.org\/spenden\/","url":"https:\/\/fuer-alle-tiere.org\/spenden\/","name":"Spenden","isPartOf":{"@id":"https:\/\/fuer-alle-tiere.org\/#website"},"primaryImageOfPage":{"@id":"https:\/\/fuer-alle-tiere.org\/spenden\/#primaryimage"},"image":{"@id":"https:\/\/fuer-alle-tiere.org\/spenden\/#primaryimage"},"thumbnailUrl":"https:\/\/fuer-alle-tiere.org\/wp-content\/uploads\/2026\/02\/IMG_1244-scaled.jpeg","datePublished":"2026-02-16T19:26:23+00:00","dateModified":"2026-02-19T10:16:24+00:00","breadcrumb":{"@id":"https:\/\/fuer-alle-tiere.org\/spenden\/#breadcrumb"},"inLanguage":"en-US","potentialAction":[{"@type":"ReadAction","target":["https:\/\/fuer-alle-tiere.org\/spenden\/"]}]},{"@type":"ImageObject","inLanguage":"en-US","@id":"https:\/\/fuer-alle-tiere.org\/spenden\/#primaryimage","url":"https:\/\/fuer-alle-tiere.org\/wp-content\/uploads\/2026\/02\/IMG_1244-scaled.jpeg","contentUrl":"https:\/\/fuer-alle-tiere.org\/wp-content\/uploads\/2026\/02\/IMG_1244-scaled.jpeg","width":1920,"height":2560},{"@type":"BreadcrumbList","@id":"https:\/\/fuer-alle-tiere.org\/spenden\/#breadcrumb","itemListElement":[{"@type":"ListItem","position":1,"name":"Startseite","item":"https:\/\/fuer-alle-tiere.org\/en\/"},{"@type":"ListItem","position":2,"name":"Spenden"}]},{"@type":"WebSite","@id":"https:\/\/fuer-alle-tiere.org\/#website","url":"https:\/\/fuer-alle-tiere.org\/","name":"F\u00fcr alle Tiere","description":"Animal Rights Activism in Schleswig-Holstein","potentialAction":[{"@type":"SearchAction","target":{"@type":"EntryPoint","urlTemplate":"https:\/\/fuer-alle-tiere.org\/?s={search_term_string}"},"query-input":{"@type":"PropertyValueSpecification","valueRequired":true,"valueName":"search_term_string"}}],"inLanguage":"en-US"}]}},"_links":{"self":[{"href":"https:\/\/fuer-alle-tiere.org\/en\/wp-json\/wp\/v2\/pages\/2271","targetHints":{"allow":["GET"]}}],"collection":[{"href":"https:\/\/fuer-alle-tiere.org\/en\/wp-json\/wp\/v2\/pages"}],"about":[{"href":"https:\/\/fuer-alle-tiere.org\/en\/wp-json\/wp\/v2\/types\/page"}],"author":[{"embeddable":true,"href":"https:\/\/fuer-alle-tiere.org\/en\/wp-json\/wp\/v2\/users\/1"}],"replies":[{"embeddable":true,"href":"https:\/\/fuer-alle-tiere.org\/en\/wp-json\/wp\/v2\/comments?post=2271"}],"version-history":[{"count":10,"href":"https:\/\/fuer-alle-tiere.org\/en\/wp-json\/wp\/v2\/pages\/2271\/revisions"}],"predecessor-version":[{"id":2530,"href":"https:\/\/fuer-alle-tiere.org\/en\/wp-json\/wp\/v2\/pages\/2271\/revisions\/2530"}],"wp:featuredmedia":[{"embeddable":true,"href":"https:\/\/fuer-alle-tiere.org\/en\/wp-json\/wp\/v2\/media\/2455"}],"wp:attachment":[{"href":"https:\/\/fuer-alle-tiere.org\/en\/wp-json\/wp\/v2\/media?parent=2271"}],"curies":[{"name":"wp","href":"https:\/\/api.w.org\/{rel}","templated":true}]}}