{"id":2328,"date":"2026-02-04T13:00:29","date_gmt":"2026-02-04T12:00:29","guid":{"rendered":"https:\/\/fuer-alle-tiere.org\/?page_id=2328"},"modified":"2026-02-23T08:09:22","modified_gmt":"2026-02-23T07:09:22","slug":"support","status":"publish","type":"page","link":"https:\/\/fuer-alle-tiere.org\/en\/support\/","title":{"rendered":"Support"},"content":{"rendered":"\n<div class=\"wp-block-group top-banner\" style=\"margin-top:0;margin-bottom:0\"><div class=\"wp-block-group__inner-container is-layout-constrained wp-block-group-is-layout-constrained\">\n<div style=\"height:60px\" aria-hidden=\"true\" class=\"wp-block-spacer\"><\/div>\n\n\n\n<p class=\"has-text-align-center no-hyphens\"><strong>F\u00fcr alle Tiere e.V. needs your support. <\/strong>To continue being present together for the animals, we need you. With your help, we can organize more campaigns, improve our equipment, and reach even more people.<\/p>\n\n\n\n<div style=\"height:15px\" aria-hidden=\"true\" class=\"wp-block-spacer\"><\/div>\n\n\n\n<h2 class=\"wp-block-heading has-text-align-center\"><strong>Three ways to support:<\/strong><\/h2>\n\n\n\n<div class=\"wp-block-buttons full-width is-content-justification-center is-layout-flex wp-container-core-buttons-is-layout-a89b3969 wp-block-buttons-is-layout-flex\">\n<div class=\"wp-block-button\"><a class=\"wp-block-button__link wp-element-button\" href=\"#aktivwerden\"><strong>Take action<\/strong><\/a><\/div>\n\n\n\n<div class=\"wp-block-button\"><a class=\"wp-block-button__link wp-element-button\" href=\"#mitgliedwerden\"><strong>Become a member<\/strong><\/a><\/div>\n\n\n\n<div class=\"wp-block-button\"><a class=\"wp-block-button__link wp-element-button\" href=\"#spenden\">Donate<\/a><\/div>\n<\/div>\n\n\n\n<div style=\"height:60px\" aria-hidden=\"true\" class=\"wp-block-spacer\"><\/div>\n<\/div><\/div>\n\n\n\n<div style=\"height:100px\" aria-hidden=\"true\" class=\"wp-block-spacer\"><\/div>\n\n\n\n<div class=\"wp-block-cover cover-box-v2\" style=\"min-height:700px;aspect-ratio:unset;\" id=\"aktivwerden\"><img loading=\"lazy\" decoding=\"async\" width=\"1024\" height=\"1024\" class=\"wp-block-cover__image-background wp-image-1446 size-large\" alt=\"\" src=\"https:\/\/fuer-alle-tiere.org\/wp-content\/uploads\/2025\/03\/DSC03565-1024x1024.jpg\" data-object-fit=\"cover\" srcset=\"https:\/\/fuer-alle-tiere.org\/wp-content\/uploads\/2025\/03\/DSC03565-1024x1024.jpg 1024w, https:\/\/fuer-alle-tiere.org\/wp-content\/uploads\/2025\/03\/DSC03565-300x300.jpg 300w, https:\/\/fuer-alle-tiere.org\/wp-content\/uploads\/2025\/03\/DSC03565-150x150.jpg 150w, https:\/\/fuer-alle-tiere.org\/wp-content\/uploads\/2025\/03\/DSC03565-768x768.jpg 768w, https:\/\/fuer-alle-tiere.org\/wp-content\/uploads\/2025\/03\/DSC03565-1536x1536.jpg 1536w, https:\/\/fuer-alle-tiere.org\/wp-content\/uploads\/2025\/03\/DSC03565-2048x2048.jpg 2048w, https:\/\/fuer-alle-tiere.org\/wp-content\/uploads\/2025\/03\/DSC03565-scaled-850x850.jpg 850w, https:\/\/fuer-alle-tiere.org\/wp-content\/uploads\/2025\/03\/DSC03565-scaled-620x620.jpg 620w, https:\/\/fuer-alle-tiere.org\/wp-content\/uploads\/2025\/03\/DSC03565-scaled-400x400.jpg 400w\" sizes=\"auto, (max-width: 1024px) 100vw, 1024px\" \/><span aria-hidden=\"true\" class=\"wp-block-cover__background has-background-dim\" style=\"background-color:#716a66\"><\/span><div class=\"wp-block-cover__inner-container is-layout-constrained wp-block-cover-is-layout-constrained\">\n<h2 class=\"wp-block-heading has-text-align-center has-large-font-size\">Take action<\/h2>\n\n\n\n<p><strong>Do you live vegan out of ethical conviction? <\/strong>We\u2019re happy if you support us in our actions. How does it work? If you agree with our rules and values, you can contact us, and we will welcome you into our group. (For that it&#8217;s not necessary to become a member of the association.)<\/p>\n\n\n\n<div class=\"wp-block-buttons is-layout-flex wp-block-buttons-is-layout-flex\">\n<div class=\"wp-block-button no-cta-btn\"><a class=\"wp-block-button__link wp-element-button\" href=\"https:\/\/fuer-alle-tiere.org\/en\/regeln-und-satzung\/\">Rules und Statutes<\/a><\/div>\n\n\n\n<div class=\"wp-block-button\"><a class=\"wp-block-button__link wp-element-button\" href=\"https:\/\/fuer-alle-tiere.org\/en\/kontakt\/\">Contact us<\/a><\/div>\n<\/div>\n<\/div><\/div>\n\n\n\n<div style=\"height:75px\" aria-hidden=\"true\" class=\"wp-block-spacer\"><\/div>\n\n\n\n<div class=\"wp-block-cover is-light cover-box-v2 cover-box-default-height\" style=\"min-height:650px;aspect-ratio:unset;\" id=\"mitgliedwerden\"><img loading=\"lazy\" decoding=\"async\" width=\"683\" height=\"1024\" class=\"wp-block-cover__image-background wp-image-1966 size-large\" alt=\"\" src=\"https:\/\/fuer-alle-tiere.org\/wp-content\/uploads\/2025\/05\/IMG_1430-683x1024.jpg\" data-object-fit=\"cover\" srcset=\"https:\/\/fuer-alle-tiere.org\/wp-content\/uploads\/2025\/05\/IMG_1430-683x1024.jpg 683w, https:\/\/fuer-alle-tiere.org\/wp-content\/uploads\/2025\/05\/IMG_1430-200x300.jpg 200w, https:\/\/fuer-alle-tiere.org\/wp-content\/uploads\/2025\/05\/IMG_1430-768x1152.jpg 768w, https:\/\/fuer-alle-tiere.org\/wp-content\/uploads\/2025\/05\/IMG_1430-1024x1536.jpg 1024w, https:\/\/fuer-alle-tiere.org\/wp-content\/uploads\/2025\/05\/IMG_1430-1365x2048.jpg 1365w, https:\/\/fuer-alle-tiere.org\/wp-content\/uploads\/2025\/05\/IMG_1430-scaled.jpg 1707w\" sizes=\"auto, (max-width: 683px) 100vw, 683px\" \/><span aria-hidden=\"true\" class=\"wp-block-cover__background has-background-dim\" style=\"background-color:#c0bcb8\"><\/span><div class=\"wp-block-cover__inner-container is-layout-constrained wp-block-cover-is-layout-constrained\">\n<h2 class=\"wp-block-heading has-text-align-center has-white-color has-text-color has-link-color has-large-font-size wp-elements-315de61d5da2946f8836b9a8a9ae22ed\">Become a member<\/h2>\n\n\n\n<p class=\"has-white-color has-text-color has-link-color wp-elements-dafe1dc9c498b03c9421b754b644a9a8\"><strong>If you live vegan for ethical reasons, you can support our association and thus the animal rights movement by becoming a member. <\/strong>Simply fill out the membership application, send it to us, and that\u2019s it!<\/p>\n\n\n\n<div class=\"wp-block-buttons is-layout-flex wp-block-buttons-is-layout-flex\">\n<div class=\"wp-block-button no-cta-btn\"><a class=\"wp-block-button__link wp-element-button\" href=\"https:\/\/fuer-alle-tiere.org\/en\/regeln-und-satzung\/\">Rules und Statutes<\/a><\/div>\n\n\n\n<div class=\"wp-block-button no-cta-btn\"><a class=\"wp-block-button__link wp-element-button\" href=\"https:\/\/fuer-alle-tiere.org\/en\/about\/#verein\" target=\"_blank\" rel=\"noreferrer noopener\">About the association<\/a><\/div>\n\n\n\n<div class=\"wp-block-button\"><a class=\"wp-block-button__link wp-element-button\" href=\"https:\/\/fuer-alle-tiere.org\/wp-content\/uploads\/2026\/02\/Mitglied-Aufnahmeantrag.pdf\" target=\"_blank\" rel=\"noreferrer noopener\">Application<\/a><\/div>\n<\/div>\n<\/div><\/div>\n\n\n\n<div style=\"height:75px\" aria-hidden=\"true\" class=\"wp-block-spacer\"><\/div>\n\n\n\n<div class=\"wp-block-cover is-light cover-box-v2\" style=\"min-height:700px;aspect-ratio:unset;\" id=\"spenden\"><img loading=\"lazy\" decoding=\"async\" width=\"768\" height=\"1024\" class=\"wp-block-cover__image-background wp-image-2455 size-large\" alt=\"\" src=\"https:\/\/fuer-alle-tiere.org\/wp-content\/uploads\/2026\/02\/IMG_1244-768x1024.jpeg\" data-object-fit=\"cover\" srcset=\"https:\/\/fuer-alle-tiere.org\/wp-content\/uploads\/2026\/02\/IMG_1244-768x1024.jpeg 768w, https:\/\/fuer-alle-tiere.org\/wp-content\/uploads\/2026\/02\/IMG_1244-225x300.jpeg 225w, https:\/\/fuer-alle-tiere.org\/wp-content\/uploads\/2026\/02\/IMG_1244-1152x1536.jpeg 1152w, https:\/\/fuer-alle-tiere.org\/wp-content\/uploads\/2026\/02\/IMG_1244-1536x2048.jpeg 1536w, https:\/\/fuer-alle-tiere.org\/wp-content\/uploads\/2026\/02\/IMG_1244-scaled.jpeg 1920w\" sizes=\"auto, (max-width: 768px) 100vw, 768px\" \/><span aria-hidden=\"true\" class=\"wp-block-cover__background has-background-dim\" style=\"background-color:#a69b8d\"><\/span><div class=\"wp-block-cover__inner-container is-layout-constrained wp-block-cover-is-layout-constrained\">\n<h2 class=\"wp-block-heading has-text-align-center has-white-color has-text-color has-link-color has-large-font-size wp-elements-d457458f543f3037895365949adeeb63\">Donate<\/h2>\n\n\n\n<p class=\"has-white-color has-text-color has-link-color wp-elements-bf61772e99e231eac6f233c859e5c2bf\"><strong>Here you have the opportunity to support F\u00fcr alle Tiere e.V. with a donation. <\/strong>This way, we can finance measures such as flyers, cards, and the website, and improve our equipment for booths and campaigns, so that we can educate even more people.<\/p>\n\n\n\n<div class=\"wp-block-buttons is-layout-flex wp-block-buttons-is-layout-flex\">\n<div class=\"wp-block-button no-cta-btn\"><a class=\"wp-block-button__link wp-element-button\" href=\"https:\/\/fuer-alle-tiere.org\/en\/about\/#verein\" target=\"_blank\" rel=\"noreferrer noopener\">About the association<\/a><\/div>\n\n\n\n<div class=\"wp-block-button\"><a class=\"wp-block-button__link wp-element-button\" href=\"https:\/\/fuer-alle-tiere.org\/en\/spenden\/\">Donate now<\/a><\/div>\n<\/div>\n<\/div><\/div>\n\n\n\n<div style=\"height:150px\" aria-hidden=\"true\" class=\"wp-block-spacer\"><\/div>\n","protected":false},"excerpt":{"rendered":"<p>F\u00fcr alle Tiere e.V. needs your support. To continue being present together for the animals, we need you. With your help, we can organize more campaigns, improve our equipment, and reach even more people. Three ways to support:<\/p>\n","protected":false},"author":1,"featured_media":0,"parent":0,"menu_order":0,"comment_status":"closed","ping_status":"closed","template":"","meta":{"footnotes":""},"class_list":["post-2328","page","type-page","status-publish","hentry"],"yoast_head":"<!-- This site is optimized with the Yoast SEO plugin v27.4 - https:\/\/yoast.com\/product\/yoast-seo-wordpress\/ -->\n<title>Support<\/title>\n<meta name=\"robots\" content=\"index, follow, max-snippet:-1, max-image-preview:large, max-video-preview:-1\" \/>\n<link rel=\"canonical\" href=\"https:\/\/fuer-alle-tiere.org\/en\/support\/\" \/>\n<meta property=\"og:locale\" content=\"en_US\" \/>\n<meta property=\"og:locale:alternate\" content=\"de_DE\" \/>\n<meta property=\"og:type\" content=\"article\" \/>\n<meta property=\"og:title\" content=\"Support\" \/>\n<meta property=\"og:description\" content=\"F\u00fcr alle Tiere e.V. needs your support. To continue being present together for the animals, we need you. With your help, we can organize more campaigns, improve our equipment, and reach even more people. Three ways to support:\" \/>\n<meta property=\"og:url\" content=\"https:\/\/fuer-alle-tiere.org\/en\/support\/\" \/>\n<meta property=\"og:site_name\" content=\"F\u00fcr alle Tiere\" \/>\n<meta property=\"article:modified_time\" content=\"2026-02-23T07:09:22+00:00\" \/>\n<meta property=\"og:image\" content=\"https:\/\/fuer-alle-tiere.org\/wp-content\/uploads\/2025\/03\/DSC03565-scaled.jpg\" \/>\n\t<meta property=\"og:image:width\" content=\"2560\" \/>\n\t<meta property=\"og:image:height\" content=\"2560\" \/>\n\t<meta property=\"og:image:type\" content=\"image\/jpeg\" \/>\n<meta name=\"twitter:card\" content=\"summary_large_image\" \/>\n<meta name=\"twitter:label1\" content=\"Est. reading time\" \/>\n\t<meta name=\"twitter:data1\" content=\"2 minutes\" \/>\n<script type=\"application\/ld+json\" class=\"yoast-schema-graph\">{\"@context\":\"https:\\\/\\\/schema.org\",\"@graph\":[{\"@type\":\"WebPage\",\"@id\":\"https:\\\/\\\/fuer-alle-tiere.org\\\/en\\\/support\\\/\",\"url\":\"https:\\\/\\\/fuer-alle-tiere.org\\\/en\\\/support\\\/\",\"name\":\"Support\",\"isPartOf\":{\"@id\":\"https:\\\/\\\/fuer-alle-tiere.org\\\/#website\"},\"primaryImageOfPage\":{\"@id\":\"https:\\\/\\\/fuer-alle-tiere.org\\\/en\\\/support\\\/#primaryimage\"},\"image\":{\"@id\":\"https:\\\/\\\/fuer-alle-tiere.org\\\/en\\\/support\\\/#primaryimage\"},\"thumbnailUrl\":\"https:\\\/\\\/fuer-alle-tiere.org\\\/wp-content\\\/uploads\\\/2025\\\/03\\\/DSC03565-1024x1024.jpg\",\"datePublished\":\"2026-02-04T12:00:29+00:00\",\"dateModified\":\"2026-02-23T07:09:22+00:00\",\"breadcrumb\":{\"@id\":\"https:\\\/\\\/fuer-alle-tiere.org\\\/en\\\/support\\\/#breadcrumb\"},\"inLanguage\":\"en-US\",\"potentialAction\":[{\"@type\":\"ReadAction\",\"target\":[\"https:\\\/\\\/fuer-alle-tiere.org\\\/en\\\/support\\\/\"]}]},{\"@type\":\"ImageObject\",\"inLanguage\":\"en-US\",\"@id\":\"https:\\\/\\\/fuer-alle-tiere.org\\\/en\\\/support\\\/#primaryimage\",\"url\":\"https:\\\/\\\/fuer-alle-tiere.org\\\/wp-content\\\/uploads\\\/2025\\\/03\\\/DSC03565-1024x1024.jpg\",\"contentUrl\":\"https:\\\/\\\/fuer-alle-tiere.org\\\/wp-content\\\/uploads\\\/2025\\\/03\\\/DSC03565-1024x1024.jpg\"},{\"@type\":\"BreadcrumbList\",\"@id\":\"https:\\\/\\\/fuer-alle-tiere.org\\\/en\\\/support\\\/#breadcrumb\",\"itemListElement\":[{\"@type\":\"ListItem\",\"position\":1,\"name\":\"Startseite\",\"item\":\"https:\\\/\\\/fuer-alle-tiere.org\\\/en\\\/\"},{\"@type\":\"ListItem\",\"position\":2,\"name\":\"Support\"}]},{\"@type\":\"WebSite\",\"@id\":\"https:\\\/\\\/fuer-alle-tiere.org\\\/#website\",\"url\":\"https:\\\/\\\/fuer-alle-tiere.org\\\/\",\"name\":\"F\u00fcr alle Tiere\",\"description\":\"Animal Rights Activism in Schleswig-Holstein\",\"potentialAction\":[{\"@type\":\"SearchAction\",\"target\":{\"@type\":\"EntryPoint\",\"urlTemplate\":\"https:\\\/\\\/fuer-alle-tiere.org\\\/?s={search_term_string}\"},\"query-input\":{\"@type\":\"PropertyValueSpecification\",\"valueRequired\":true,\"valueName\":\"search_term_string\"}}],\"inLanguage\":\"en-US\"}]}<\/script>\n<!-- \/ Yoast SEO plugin. -->","yoast_head_json":{"title":"Support","robots":{"index":"index","follow":"follow","max-snippet":"max-snippet:-1","max-image-preview":"max-image-preview:large","max-video-preview":"max-video-preview:-1"},"canonical":"https:\/\/fuer-alle-tiere.org\/en\/support\/","og_locale":"en_US","og_type":"article","og_title":"[:en]Support[:de]Unterst\u00fctzen[:] - F\u00fcr alle Tiere","og_description":"F\u00fcr alle Tiere e.V. needs your support. To continue being present together for the animals, we need you. With your help, we can organize more campaigns, improve our equipment, and reach even more people. Three ways to support:","og_url":"https:\/\/fuer-alle-tiere.org\/en\/support\/","og_site_name":"F\u00fcr alle Tiere","article_modified_time":"2026-02-23T07:09:22+00:00","og_image":[{"width":2560,"height":2560,"url":"https:\/\/fuer-alle-tiere.org\/wp-content\/uploads\/2025\/03\/DSC03565-scaled.jpg","type":"image\/jpeg"}],"twitter_card":"summary_large_image","twitter_misc":{"Est. reading time":"2 minutes"},"schema":{"@context":"https:\/\/schema.org","@graph":[{"@type":"WebPage","@id":"https:\/\/fuer-alle-tiere.org\/en\/support\/","url":"https:\/\/fuer-alle-tiere.org\/en\/support\/","name":"Support","isPartOf":{"@id":"https:\/\/fuer-alle-tiere.org\/#website"},"primaryImageOfPage":{"@id":"https:\/\/fuer-alle-tiere.org\/en\/support\/#primaryimage"},"image":{"@id":"https:\/\/fuer-alle-tiere.org\/en\/support\/#primaryimage"},"thumbnailUrl":"https:\/\/fuer-alle-tiere.org\/wp-content\/uploads\/2025\/03\/DSC03565-1024x1024.jpg","datePublished":"2026-02-04T12:00:29+00:00","dateModified":"2026-02-23T07:09:22+00:00","breadcrumb":{"@id":"https:\/\/fuer-alle-tiere.org\/en\/support\/#breadcrumb"},"inLanguage":"en-US","potentialAction":[{"@type":"ReadAction","target":["https:\/\/fuer-alle-tiere.org\/en\/support\/"]}]},{"@type":"ImageObject","inLanguage":"en-US","@id":"https:\/\/fuer-alle-tiere.org\/en\/support\/#primaryimage","url":"https:\/\/fuer-alle-tiere.org\/wp-content\/uploads\/2025\/03\/DSC03565-1024x1024.jpg","contentUrl":"https:\/\/fuer-alle-tiere.org\/wp-content\/uploads\/2025\/03\/DSC03565-1024x1024.jpg"},{"@type":"BreadcrumbList","@id":"https:\/\/fuer-alle-tiere.org\/en\/support\/#breadcrumb","itemListElement":[{"@type":"ListItem","position":1,"name":"Startseite","item":"https:\/\/fuer-alle-tiere.org\/en\/"},{"@type":"ListItem","position":2,"name":"Support"}]},{"@type":"WebSite","@id":"https:\/\/fuer-alle-tiere.org\/#website","url":"https:\/\/fuer-alle-tiere.org\/","name":"F\u00fcr alle Tiere","description":"Animal Rights Activism in Schleswig-Holstein","potentialAction":[{"@type":"SearchAction","target":{"@type":"EntryPoint","urlTemplate":"https:\/\/fuer-alle-tiere.org\/?s={search_term_string}"},"query-input":{"@type":"PropertyValueSpecification","valueRequired":true,"valueName":"search_term_string"}}],"inLanguage":"en-US"}]}},"_links":{"self":[{"href":"https:\/\/fuer-alle-tiere.org\/en\/wp-json\/wp\/v2\/pages\/2328","targetHints":{"allow":["GET"]}}],"collection":[{"href":"https:\/\/fuer-alle-tiere.org\/en\/wp-json\/wp\/v2\/pages"}],"about":[{"href":"https:\/\/fuer-alle-tiere.org\/en\/wp-json\/wp\/v2\/types\/page"}],"author":[{"embeddable":true,"href":"https:\/\/fuer-alle-tiere.org\/en\/wp-json\/wp\/v2\/users\/1"}],"replies":[{"embeddable":true,"href":"https:\/\/fuer-alle-tiere.org\/en\/wp-json\/wp\/v2\/comments?post=2328"}],"version-history":[{"count":9,"href":"https:\/\/fuer-alle-tiere.org\/en\/wp-json\/wp\/v2\/pages\/2328\/revisions"}],"predecessor-version":[{"id":2585,"href":"https:\/\/fuer-alle-tiere.org\/en\/wp-json\/wp\/v2\/pages\/2328\/revisions\/2585"}],"wp:attachment":[{"href":"https:\/\/fuer-alle-tiere.org\/en\/wp-json\/wp\/v2\/media?parent=2328"}],"curies":[{"name":"wp","href":"https:\/\/api.w.org\/{rel}","templated":true}]}}